{"id":289,"date":"2026-03-19T20:43:05","date_gmt":"2026-03-19T20:43:05","guid":{"rendered":"https:\/\/machadobritogodinho.com.br\/?page_id=289"},"modified":"2026-03-19T22:17:58","modified_gmt":"2026-03-19T22:17:58","slug":"nossa-historia","status":"publish","type":"page","link":"https:\/\/machadobritogodinho.com.br\/index.php\/nossa-historia\/","title":{"rendered":"Nossa Hist\u00f3ria"},"content":{"rendered":"\t\t<div data-elementor-type=\"wp-page\" data-elementor-id=\"289\" class=\"elementor elementor-289\" data-elementor-settings=\"[]\">\n\t\t\t\t\t\t\t<div class=\"elementor-section-wrap\">\n\t\t\t\t\t\t\t<section class=\"elementor-section elementor-top-section elementor-element elementor-element-240c022 elementor-section-boxed elementor-section-height-default elementor-section-height-default\" data-id=\"240c022\" data-element_type=\"section\">\n\t\t\t\t\t\t<div class=\"elementor-container elementor-column-gap-default\">\n\t\t\t\t\t<div class=\"elementor-column elementor-col-100 elementor-top-column elementor-element elementor-element-76cf2a7\" data-id=\"76cf2a7\" data-element_type=\"column\">\n\t\t\t<div class=\"elementor-widget-wrap elementor-element-populated\">\n\t\t\t\t\t\t\t\t<div class=\"elementor-element elementor-element-f9333b1 elementor-widget elementor-widget-heading\" data-id=\"f9333b1\" data-element_type=\"widget\" data-widget_type=\"heading.default\">\n\t\t\t\t<div class=\"elementor-widget-container\">\n\t\t\t<h2 class=\"elementor-heading-title elementor-size-default\">Nossa Hist\u00f3ria:<\/h2>\t\t<\/div>\n\t\t\t\t<\/div>\n\t\t\t\t<div class=\"elementor-element elementor-element-83c0c9a elementor-widget elementor-widget-text-editor\" data-id=\"83c0c9a\" data-element_type=\"widget\" data-widget_type=\"text-editor.default\">\n\t\t\t\t<div class=\"elementor-widget-container\">\n\t\t\t\t\t\t\t\t<p data-path-to-node=\"3\">A funda\u00e7\u00e3o do escrit\u00f3rio <b data-path-to-node=\"3\" data-index-in-node=\"25\">Machado, Brito &amp; Godinho<\/b> n\u00e3o \u00e9 fruto apenas de um plano de neg\u00f3cios, mas da converg\u00eancia de trajet\u00f3rias que compartilham os mesmos valores, prop\u00f3sitos e, acima de tudo, uma amizade s\u00f3lida.<\/p><p data-path-to-node=\"4\">Sediado no cora\u00e7\u00e3o de <b data-path-to-node=\"4\" data-index-in-node=\"22\">Montes Claros &#8211; MG<\/b>, o escrit\u00f3rio nasceu do desejo de tr\u00eas amigos \u2014 <b data-path-to-node=\"4\" data-index-in-node=\"89\">Rayne Savan Brito, Anna Fl\u00e1via Braz Machado Brito e Dilson de Quadros Godinho Neto<\/b> \u2014 de transformar a pr\u00e1tica jur\u00eddica no Norte de Minas. A uni\u00e3o desses nomes representa a fus\u00e3o de experi\u00eancias distintas e complementares, focadas em oferecer uma advocacia estrat\u00e9gica, \u00e9tica e profundamente humanizada.<\/p><h5 data-path-to-node=\"5\">O Elo que nos Une<\/h5><p data-path-to-node=\"6\">Nossa trajet\u00f3ria come\u00e7ou muito antes da placa na parede. Durante anos de forma\u00e7\u00e3o e pr\u00e1tica profissional, percebemos que a confian\u00e7a que depositamos uns nos outros como amigos era o alicerce perfeito para a seguran\u00e7a que desej\u00e1vamos transmitir aos nossos clientes.<\/p><ul data-path-to-node=\"7\"><li><p data-path-to-node=\"7,0,0\"><b data-path-to-node=\"7,0,0\" data-index-in-node=\"0\">Compromisso Local:<\/b> Como profissionais radicados em Montes Claros, entendemos as particularidades e os desafios da nossa regi\u00e3o, aliando o conhecimento t\u00e9cnico \u00e0 sensibilidade social e econ\u00f4mica local.<\/p><\/li><li><p data-path-to-node=\"7,1,0\"><b data-path-to-node=\"7,1,0\" data-index-in-node=\"0\">Vis\u00e3o Multidisciplinar:<\/b> A diversidade de atua\u00e7\u00e3o dos s\u00f3cios permite que o escrit\u00f3rio atenda desde quest\u00f5es consultivas at\u00e9 lit\u00edgios complexos, sempre com um olhar atento aos detalhes e \u00e0 inova\u00e7\u00e3o.<\/p><\/li><li><p data-path-to-node=\"7,2,0\"><b data-path-to-node=\"7,2,0\" data-index-in-node=\"0\">\u00c9tica e Transpar\u00eancia:<\/b> Acreditamos que o Direito deve ser uma ferramenta de solu\u00e7\u00e3o, n\u00e3o de complica\u00e7\u00e3o. Por isso, a transpar\u00eancia \u00e9 o nosso principal pilar no relacionamento com o cliente.<\/p><\/li><\/ul><h5 data-path-to-node=\"8\">Nossa Miss\u00e3o<\/h5><p data-path-to-node=\"9\">Mais do que representar causas, o escrit\u00f3rio <b data-path-to-node=\"9\" data-index-in-node=\"45\">Machado, Brito &amp; Godinho<\/b> busca entregar resultados que impactem positivamente a vida e os neg\u00f3cios de quem confia em nosso trabalho. Somos movidos pela justi\u00e7a, sustentados pela t\u00e9cnica e guiados pela lealdade \u2014 valores que cultivamos entre n\u00f3s e que estendemos a cada cliente.<\/p><hr data-path-to-node=\"10\" \/><blockquote data-path-to-node=\"11\"><p data-path-to-node=\"11,0\"><i data-path-to-node=\"11,0\" data-index-in-node=\"0\">&#8220;Nossa hist\u00f3ria \u00e9 escrita diariamente atrav\u00e9s do sucesso de nossos clientes e da solidez de uma parceria que acredita no Direito como agente de transforma\u00e7\u00e3o.&#8221;<\/i><\/p><\/blockquote>\t\t\t\t\t\t<\/div>\n\t\t\t\t<\/div>\n\t\t\t\t\t<\/div>\n\t\t<\/div>\n\t\t\t\t\t\t\t<\/div>\n\t\t<\/section>\n\t\t\t\t\t\t<\/div>\n\t\t\t\t\t<\/div>\n\t\t","protected":false},"excerpt":{"rendered":"<p>Nossa Hist\u00f3ria: A funda\u00e7\u00e3o do escrit\u00f3rio Machado, Brito &amp; Godinho n\u00e3o \u00e9 fruto apenas de um plano de neg\u00f3cios, mas da converg\u00eancia de trajet\u00f3rias que compartilham os mesmos valores, prop\u00f3sitos e, acima de tudo, uma amizade s\u00f3lida. Sediado no cora\u00e7\u00e3o de Montes Claros &#8211; MG, o escrit\u00f3rio nasceu do desejo de tr\u00eas amigos \u2014 Rayne [&hellip;]<\/p>\n","protected":false},"author":2,"featured_media":0,"parent":0,"menu_order":0,"comment_status":"closed","ping_status":"closed","template":"elementor_header_footer","meta":{"footnotes":""},"class_list":["post-289","page","type-page","status-publish","hentry"],"_links":{"self":[{"href":"https:\/\/machadobritogodinho.com.br\/index.php\/wp-json\/wp\/v2\/pages\/289","targetHints":{"allow":["GET"]}}],"collection":[{"href":"https:\/\/machadobritogodinho.com.br\/index.php\/wp-json\/wp\/v2\/pages"}],"about":[{"href":"https:\/\/machadobritogodinho.com.br\/index.php\/wp-json\/wp\/v2\/types\/page"}],"author":[{"embeddable":true,"href":"https:\/\/machadobritogodinho.com.br\/index.php\/wp-json\/wp\/v2\/users\/2"}],"replies":[{"embeddable":true,"href":"https:\/\/machadobritogodinho.com.br\/index.php\/wp-json\/wp\/v2\/comments?post=289"}],"version-history":[{"count":7,"href":"https:\/\/machadobritogodinho.com.br\/index.php\/wp-json\/wp\/v2\/pages\/289\/revisions"}],"predecessor-version":[{"id":340,"href":"https:\/\/machadobritogodinho.com.br\/index.php\/wp-json\/wp\/v2\/pages\/289\/revisions\/340"}],"wp:attachment":[{"href":"https:\/\/machadobritogodinho.com.br\/index.php\/wp-json\/wp\/v2\/media?parent=289"}],"curies":[{"name":"wp","href":"https:\/\/api.w.org\/{rel}","templated":true}]}}