{"id":272,"date":"2026-03-19T19:56:06","date_gmt":"2026-03-19T19:56:06","guid":{"rendered":"https:\/\/machadobritogodinho.com.br\/?page_id=272"},"modified":"2026-03-19T21:14:54","modified_gmt":"2026-03-19T21:14:54","slug":"tiago-vanderlei-soares","status":"publish","type":"page","link":"https:\/\/machadobritogodinho.com.br\/index.php\/tiago-vanderlei-soares\/","title":{"rendered":"TIAGO VANDERLEI SOARES DOS SANTOS"},"content":{"rendered":"\t\t<div data-elementor-type=\"wp-page\" data-elementor-id=\"272\" class=\"elementor elementor-272\" data-elementor-settings=\"[]\">\n\t\t\t\t\t\t\t<div class=\"elementor-section-wrap\">\n\t\t\t\t\t\t\t<section class=\"elementor-section elementor-top-section elementor-element elementor-element-2f87974 elementor-section-boxed elementor-section-height-default elementor-section-height-default\" data-id=\"2f87974\" data-element_type=\"section\">\n\t\t\t\t\t\t<div class=\"elementor-container elementor-column-gap-default\">\n\t\t\t\t\t<div class=\"elementor-column elementor-col-100 elementor-top-column elementor-element elementor-element-8aeab6a\" data-id=\"8aeab6a\" data-element_type=\"column\">\n\t\t\t<div class=\"elementor-widget-wrap elementor-element-populated\">\n\t\t\t\t\t\t\t\t<section class=\"elementor-section elementor-inner-section elementor-element elementor-element-835c15f elementor-reverse-mobile elementor-section-boxed elementor-section-height-default elementor-section-height-default\" data-id=\"835c15f\" data-element_type=\"section\">\n\t\t\t\t\t\t<div class=\"elementor-container elementor-column-gap-default\">\n\t\t\t\t\t<div class=\"elementor-column elementor-col-50 elementor-inner-column elementor-element elementor-element-b835f08\" data-id=\"b835f08\" data-element_type=\"column\">\n\t\t\t<div class=\"elementor-widget-wrap elementor-element-populated\">\n\t\t\t\t\t\t\t\t<div class=\"elementor-element elementor-element-68de599 elementor-widget elementor-widget-heading\" data-id=\"68de599\" data-element_type=\"widget\" data-widget_type=\"heading.default\">\n\t\t\t\t<div class=\"elementor-widget-container\">\n\t\t\t<h2 class=\"elementor-heading-title elementor-size-default\">TIAGO VANDERLEI SOARES DOS SANTOS<\/h2>\t\t<\/div>\n\t\t\t\t<\/div>\n\t\t\t\t<div class=\"elementor-element elementor-element-6c0a96d elementor-widget elementor-widget-text-editor\" data-id=\"6c0a96d\" data-element_type=\"widget\" data-widget_type=\"text-editor.default\">\n\t\t\t\t<div class=\"elementor-widget-container\">\n\t\t\t\t\t\t\t\t<p>Bacharel em Direito pela UNIMONTES (2016)<br \/>Pos gradua\u00e7\u00e3o em Direito Tribut\u00e1rio pela DAM\u00c1SIO (2019)<\/p>\t\t\t\t\t\t<\/div>\n\t\t\t\t<\/div>\n\t\t\t\t\t<\/div>\n\t\t<\/div>\n\t\t\t\t<div class=\"elementor-column elementor-col-50 elementor-inner-column elementor-element elementor-element-4620ace\" data-id=\"4620ace\" data-element_type=\"column\">\n\t\t\t<div class=\"elementor-widget-wrap elementor-element-populated\">\n\t\t\t\t\t\t\t\t<div class=\"elementor-element elementor-element-d0881a0 elementor-widget elementor-widget-image\" data-id=\"d0881a0\" data-element_type=\"widget\" data-widget_type=\"image.default\">\n\t\t\t\t<div class=\"elementor-widget-container\">\n\t\t\t\t\t\t\t\t\t\t\t\t\t\t\t<img loading=\"lazy\" decoding=\"async\" width=\"683\" height=\"1024\" src=\"https:\/\/machadobritogodinho.com.br\/wp-content\/uploads\/2025\/10\/IMG_7471-683x1024.jpg\" class=\"attachment-large size-large\" alt=\"\" srcset=\"https:\/\/machadobritogodinho.com.br\/wp-content\/uploads\/2025\/10\/IMG_7471-683x1024.jpg 683w, https:\/\/machadobritogodinho.com.br\/wp-content\/uploads\/2025\/10\/IMG_7471-200x300.jpg 200w, https:\/\/machadobritogodinho.com.br\/wp-content\/uploads\/2025\/10\/IMG_7471-768x1152.jpg 768w, https:\/\/machadobritogodinho.com.br\/wp-content\/uploads\/2025\/10\/IMG_7471-1024x1536.jpg 1024w, https:\/\/machadobritogodinho.com.br\/wp-content\/uploads\/2025\/10\/IMG_7471-1365x2048.jpg 1365w, https:\/\/machadobritogodinho.com.br\/wp-content\/uploads\/2025\/10\/IMG_7471-scaled.jpg 1707w\" sizes=\"auto, (max-width: 683px) 100vw, 683px\" \/>\t\t\t\t\t\t\t\t\t\t\t\t\t\t\t<\/div>\n\t\t\t\t<\/div>\n\t\t\t\t\t<\/div>\n\t\t<\/div>\n\t\t\t\t\t\t\t<\/div>\n\t\t<\/section>\n\t\t\t\t<div class=\"elementor-element elementor-element-00a1c5d elementor-align-center elementor-mobile-align-center elementor-widget elementor-widget-button\" data-id=\"00a1c5d\" data-element_type=\"widget\" data-widget_type=\"button.default\">\n\t\t\t\t<div class=\"elementor-widget-container\">\n\t\t\t\t\t<div class=\"elementor-button-wrapper\">\n\t\t\t<a href=\"https:\/\/wa.me\/5538991189625\" target=\"_blank\" class=\"elementor-button-link elementor-button elementor-size-sm\" role=\"button\">\n\t\t\t\t\t\t<span class=\"elementor-button-content-wrapper\">\n\t\t\t\t\t\t<span class=\"elementor-button-text\">Fale conosco<\/span>\n\t\t<\/span>\n\t\t\t\t\t<\/a>\n\t\t<\/div>\n\t\t\t\t<\/div>\n\t\t\t\t<\/div>\n\t\t\t\t\t<\/div>\n\t\t<\/div>\n\t\t\t\t\t\t\t<\/div>\n\t\t<\/section>\n\t\t\t\t\t\t<\/div>\n\t\t\t\t\t<\/div>\n\t\t","protected":false},"excerpt":{"rendered":"<p>TIAGO VANDERLEI SOARES DOS SANTOS Bacharel em Direito pela UNIMONTES (2016)Pos gradua\u00e7\u00e3o em Direito Tribut\u00e1rio pela DAM\u00c1SIO (2019) Fale conosco<\/p>\n","protected":false},"author":2,"featured_media":0,"parent":0,"menu_order":0,"comment_status":"closed","ping_status":"closed","template":"elementor_header_footer","meta":{"footnotes":""},"class_list":["post-272","page","type-page","status-publish","hentry"],"_links":{"self":[{"href":"https:\/\/machadobritogodinho.com.br\/index.php\/wp-json\/wp\/v2\/pages\/272","targetHints":{"allow":["GET"]}}],"collection":[{"href":"https:\/\/machadobritogodinho.com.br\/index.php\/wp-json\/wp\/v2\/pages"}],"about":[{"href":"https:\/\/machadobritogodinho.com.br\/index.php\/wp-json\/wp\/v2\/types\/page"}],"author":[{"embeddable":true,"href":"https:\/\/machadobritogodinho.com.br\/index.php\/wp-json\/wp\/v2\/users\/2"}],"replies":[{"embeddable":true,"href":"https:\/\/machadobritogodinho.com.br\/index.php\/wp-json\/wp\/v2\/comments?post=272"}],"version-history":[{"count":8,"href":"https:\/\/machadobritogodinho.com.br\/index.php\/wp-json\/wp\/v2\/pages\/272\/revisions"}],"predecessor-version":[{"id":333,"href":"https:\/\/machadobritogodinho.com.br\/index.php\/wp-json\/wp\/v2\/pages\/272\/revisions\/333"}],"wp:attachment":[{"href":"https:\/\/machadobritogodinho.com.br\/index.php\/wp-json\/wp\/v2\/media?parent=272"}],"curies":[{"name":"wp","href":"https:\/\/api.w.org\/{rel}","templated":true}]}}