{"id":262,"date":"2026-03-19T19:49:39","date_gmt":"2026-03-19T19:49:39","guid":{"rendered":"https:\/\/machadobritogodinho.com.br\/?page_id=262"},"modified":"2026-03-19T21:12:20","modified_gmt":"2026-03-19T21:12:20","slug":"jean-cleydson-da-silva-soares","status":"publish","type":"page","link":"https:\/\/machadobritogodinho.com.br\/index.php\/jean-cleydson-da-silva-soares\/","title":{"rendered":"JEAN CLEYDSON DA SILVA SOARES"},"content":{"rendered":"\t\t<div data-elementor-type=\"wp-page\" data-elementor-id=\"262\" class=\"elementor elementor-262\" data-elementor-settings=\"[]\">\n\t\t\t\t\t\t\t<div class=\"elementor-section-wrap\">\n\t\t\t\t\t\t\t<section class=\"elementor-section elementor-top-section elementor-element elementor-element-b107f9f elementor-section-boxed elementor-section-height-default elementor-section-height-default\" data-id=\"b107f9f\" data-element_type=\"section\">\n\t\t\t\t\t\t<div class=\"elementor-container elementor-column-gap-default\">\n\t\t\t\t\t<div class=\"elementor-column elementor-col-100 elementor-top-column elementor-element elementor-element-400172d\" data-id=\"400172d\" data-element_type=\"column\">\n\t\t\t<div class=\"elementor-widget-wrap elementor-element-populated\">\n\t\t\t\t\t\t\t\t<section class=\"elementor-section elementor-inner-section elementor-element elementor-element-e840664 elementor-reverse-mobile elementor-section-boxed elementor-section-height-default elementor-section-height-default\" data-id=\"e840664\" data-element_type=\"section\">\n\t\t\t\t\t\t<div class=\"elementor-container elementor-column-gap-default\">\n\t\t\t\t\t<div class=\"elementor-column elementor-col-50 elementor-inner-column elementor-element elementor-element-e22ecc6\" data-id=\"e22ecc6\" data-element_type=\"column\">\n\t\t\t<div class=\"elementor-widget-wrap elementor-element-populated\">\n\t\t\t\t\t\t\t\t<div class=\"elementor-element elementor-element-b4d6d00 elementor-widget elementor-widget-heading\" data-id=\"b4d6d00\" data-element_type=\"widget\" data-widget_type=\"heading.default\">\n\t\t\t\t<div class=\"elementor-widget-container\">\n\t\t\t<h2 class=\"elementor-heading-title elementor-size-default\">JEAN CLEYDSON DA SILVA SOARES<\/h2>\t\t<\/div>\n\t\t\t\t<\/div>\n\t\t\t\t<div class=\"elementor-element elementor-element-2071815 elementor-widget elementor-widget-text-editor\" data-id=\"2071815\" data-element_type=\"widget\" data-widget_type=\"text-editor.default\">\n\t\t\t\t<div class=\"elementor-widget-container\">\n\t\t\t\t\t\t\t\t<p>Bacharel em Direito pela UNIMONTES (2013)<br \/>P\u00f3s \u2013 gradua\u00e7\u00e3o em Direito Civil e Empresarial pela Faculdade de Direito Professor Dam\u00e1sio de Jesus (2015)<br \/>Extens\u00e3o em Temas de Direito e Economia pela Escola Paulista da Magistratura (2021)<br \/>Curso de Aperfei\u00e7oamento em Audi\u00eancia Trabalhista pela Escola Superior de Advocacia da OAB\/RS (2021)<br \/>Idiomas: Portugu\u00eas e Ingl\u00eas.<\/p>\t\t\t\t\t\t<\/div>\n\t\t\t\t<\/div>\n\t\t\t\t\t<\/div>\n\t\t<\/div>\n\t\t\t\t<div class=\"elementor-column elementor-col-50 elementor-inner-column elementor-element elementor-element-a6f69cc\" data-id=\"a6f69cc\" data-element_type=\"column\">\n\t\t\t<div class=\"elementor-widget-wrap elementor-element-populated\">\n\t\t\t\t\t\t\t\t<div class=\"elementor-element elementor-element-b713859 elementor-widget elementor-widget-image\" data-id=\"b713859\" data-element_type=\"widget\" data-widget_type=\"image.default\">\n\t\t\t\t<div class=\"elementor-widget-container\">\n\t\t\t\t\t\t\t\t\t\t\t\t\t\t\t<img loading=\"lazy\" decoding=\"async\" width=\"683\" height=\"1024\" src=\"https:\/\/machadobritogodinho.com.br\/wp-content\/uploads\/2025\/10\/IMG_7576-683x1024.jpg\" class=\"attachment-large size-large\" alt=\"\" srcset=\"https:\/\/machadobritogodinho.com.br\/wp-content\/uploads\/2025\/10\/IMG_7576-683x1024.jpg 683w, https:\/\/machadobritogodinho.com.br\/wp-content\/uploads\/2025\/10\/IMG_7576-200x300.jpg 200w, https:\/\/machadobritogodinho.com.br\/wp-content\/uploads\/2025\/10\/IMG_7576-768x1152.jpg 768w, https:\/\/machadobritogodinho.com.br\/wp-content\/uploads\/2025\/10\/IMG_7576-1024x1536.jpg 1024w, https:\/\/machadobritogodinho.com.br\/wp-content\/uploads\/2025\/10\/IMG_7576-1365x2048.jpg 1365w, https:\/\/machadobritogodinho.com.br\/wp-content\/uploads\/2025\/10\/IMG_7576-scaled.jpg 1707w\" sizes=\"auto, (max-width: 683px) 100vw, 683px\" \/>\t\t\t\t\t\t\t\t\t\t\t\t\t\t\t<\/div>\n\t\t\t\t<\/div>\n\t\t\t\t\t<\/div>\n\t\t<\/div>\n\t\t\t\t\t\t\t<\/div>\n\t\t<\/section>\n\t\t\t\t<div class=\"elementor-element elementor-element-99e73f0 elementor-align-center elementor-mobile-align-center elementor-widget elementor-widget-button\" data-id=\"99e73f0\" data-element_type=\"widget\" data-widget_type=\"button.default\">\n\t\t\t\t<div class=\"elementor-widget-container\">\n\t\t\t\t\t<div class=\"elementor-button-wrapper\">\n\t\t\t<a href=\"https:\/\/wa.me\/5538991189625\" target=\"_blank\" class=\"elementor-button-link elementor-button elementor-size-sm\" role=\"button\">\n\t\t\t\t\t\t<span class=\"elementor-button-content-wrapper\">\n\t\t\t\t\t\t<span class=\"elementor-button-text\">Fale conosco<\/span>\n\t\t<\/span>\n\t\t\t\t\t<\/a>\n\t\t<\/div>\n\t\t\t\t<\/div>\n\t\t\t\t<\/div>\n\t\t\t\t\t<\/div>\n\t\t<\/div>\n\t\t\t\t\t\t\t<\/div>\n\t\t<\/section>\n\t\t\t\t\t\t<\/div>\n\t\t\t\t\t<\/div>\n\t\t","protected":false},"excerpt":{"rendered":"<p>JEAN CLEYDSON DA SILVA SOARES Bacharel em Direito pela UNIMONTES (2013)P\u00f3s \u2013 gradua\u00e7\u00e3o em Direito Civil e Empresarial pela Faculdade de Direito Professor Dam\u00e1sio de Jesus (2015)Extens\u00e3o em Temas de Direito e Economia pela Escola Paulista da Magistratura (2021)Curso de Aperfei\u00e7oamento em Audi\u00eancia Trabalhista pela Escola Superior de Advocacia da OAB\/RS (2021)Idiomas: Portugu\u00eas e Ingl\u00eas. [&hellip;]<\/p>\n","protected":false},"author":2,"featured_media":0,"parent":0,"menu_order":0,"comment_status":"closed","ping_status":"closed","template":"elementor_header_footer","meta":{"footnotes":""},"class_list":["post-262","page","type-page","status-publish","hentry"],"_links":{"self":[{"href":"https:\/\/machadobritogodinho.com.br\/index.php\/wp-json\/wp\/v2\/pages\/262","targetHints":{"allow":["GET"]}}],"collection":[{"href":"https:\/\/machadobritogodinho.com.br\/index.php\/wp-json\/wp\/v2\/pages"}],"about":[{"href":"https:\/\/machadobritogodinho.com.br\/index.php\/wp-json\/wp\/v2\/types\/page"}],"author":[{"embeddable":true,"href":"https:\/\/machadobritogodinho.com.br\/index.php\/wp-json\/wp\/v2\/users\/2"}],"replies":[{"embeddable":true,"href":"https:\/\/machadobritogodinho.com.br\/index.php\/wp-json\/wp\/v2\/comments?post=262"}],"version-history":[{"count":7,"href":"https:\/\/machadobritogodinho.com.br\/index.php\/wp-json\/wp\/v2\/pages\/262\/revisions"}],"predecessor-version":[{"id":325,"href":"https:\/\/machadobritogodinho.com.br\/index.php\/wp-json\/wp\/v2\/pages\/262\/revisions\/325"}],"wp:attachment":[{"href":"https:\/\/machadobritogodinho.com.br\/index.php\/wp-json\/wp\/v2\/media?parent=262"}],"curies":[{"name":"wp","href":"https:\/\/api.w.org\/{rel}","templated":true}]}}