{"id":249,"date":"2026-03-19T19:36:40","date_gmt":"2026-03-19T19:36:40","guid":{"rendered":"https:\/\/machadobritogodinho.com.br\/?page_id=249"},"modified":"2026-03-19T21:09:02","modified_gmt":"2026-03-19T21:09:02","slug":"emanuel-filipe-martins-rocha","status":"publish","type":"page","link":"https:\/\/machadobritogodinho.com.br\/index.php\/emanuel-filipe-martins-rocha\/","title":{"rendered":"EMANUEL FILIPE MARTINS ROCHA"},"content":{"rendered":"\t\t<div data-elementor-type=\"wp-page\" data-elementor-id=\"249\" class=\"elementor elementor-249\" data-elementor-settings=\"[]\">\n\t\t\t\t\t\t\t<div class=\"elementor-section-wrap\">\n\t\t\t\t\t\t\t<section class=\"elementor-section elementor-top-section elementor-element elementor-element-090221b elementor-section-boxed elementor-section-height-default elementor-section-height-default\" data-id=\"090221b\" data-element_type=\"section\">\n\t\t\t\t\t\t<div class=\"elementor-container elementor-column-gap-default\">\n\t\t\t\t\t<div class=\"elementor-column elementor-col-100 elementor-top-column elementor-element elementor-element-b4e8b61\" data-id=\"b4e8b61\" data-element_type=\"column\">\n\t\t\t<div class=\"elementor-widget-wrap elementor-element-populated\">\n\t\t\t\t\t\t\t\t<section class=\"elementor-section elementor-inner-section elementor-element elementor-element-1e80d94 elementor-reverse-mobile elementor-section-boxed elementor-section-height-default elementor-section-height-default\" data-id=\"1e80d94\" data-element_type=\"section\">\n\t\t\t\t\t\t<div class=\"elementor-container elementor-column-gap-default\">\n\t\t\t\t\t<div class=\"elementor-column elementor-col-50 elementor-inner-column elementor-element elementor-element-44bcd9c\" data-id=\"44bcd9c\" data-element_type=\"column\">\n\t\t\t<div class=\"elementor-widget-wrap elementor-element-populated\">\n\t\t\t\t\t\t\t\t<div class=\"elementor-element elementor-element-4786572 elementor-widget elementor-widget-heading\" data-id=\"4786572\" data-element_type=\"widget\" data-widget_type=\"heading.default\">\n\t\t\t\t<div class=\"elementor-widget-container\">\n\t\t\t<h2 class=\"elementor-heading-title elementor-size-default\">EMANUEL FILIPE MARTINS ROCHA<\/h2>\t\t<\/div>\n\t\t\t\t<\/div>\n\t\t\t\t<div class=\"elementor-element elementor-element-2c8edfd elementor-widget elementor-widget-text-editor\" data-id=\"2c8edfd\" data-element_type=\"widget\" data-widget_type=\"text-editor.default\">\n\t\t\t\t<div class=\"elementor-widget-container\">\n\t\t\t\t\t\t\t\t<p>Bacharel em Direito pela UNIFIPMOC (2024)<br \/>Estagi\u00e1rio do Tribunal de Justi\u00e7a de Minas Gerais (2021 &#8211; 2023)<br \/>Estagi\u00e1rio da Defensoria P\u00fablica de Minas Gerais (2020 &#8211; 2021)<br \/>Diploma n\u00edvel avan\u00e7ado de ingl\u00eas (2019)<\/p>\t\t\t\t\t\t<\/div>\n\t\t\t\t<\/div>\n\t\t\t\t\t<\/div>\n\t\t<\/div>\n\t\t\t\t<div class=\"elementor-column elementor-col-50 elementor-inner-column elementor-element elementor-element-330733b\" data-id=\"330733b\" data-element_type=\"column\">\n\t\t\t<div class=\"elementor-widget-wrap elementor-element-populated\">\n\t\t\t\t\t\t\t\t<div class=\"elementor-element elementor-element-54d1c99 elementor-widget elementor-widget-image\" data-id=\"54d1c99\" data-element_type=\"widget\" data-widget_type=\"image.default\">\n\t\t\t\t<div class=\"elementor-widget-container\">\n\t\t\t\t\t\t\t\t\t\t\t\t\t\t\t<img loading=\"lazy\" decoding=\"async\" width=\"683\" height=\"1024\" src=\"https:\/\/machadobritogodinho.com.br\/wp-content\/uploads\/2025\/10\/IMG_7793-683x1024.jpg\" class=\"attachment-large size-large\" alt=\"\" srcset=\"https:\/\/machadobritogodinho.com.br\/wp-content\/uploads\/2025\/10\/IMG_7793-683x1024.jpg 683w, https:\/\/machadobritogodinho.com.br\/wp-content\/uploads\/2025\/10\/IMG_7793-200x300.jpg 200w, https:\/\/machadobritogodinho.com.br\/wp-content\/uploads\/2025\/10\/IMG_7793-768x1152.jpg 768w, https:\/\/machadobritogodinho.com.br\/wp-content\/uploads\/2025\/10\/IMG_7793-1024x1536.jpg 1024w, https:\/\/machadobritogodinho.com.br\/wp-content\/uploads\/2025\/10\/IMG_7793-1365x2048.jpg 1365w, https:\/\/machadobritogodinho.com.br\/wp-content\/uploads\/2025\/10\/IMG_7793-scaled.jpg 1707w\" sizes=\"auto, (max-width: 683px) 100vw, 683px\" \/>\t\t\t\t\t\t\t\t\t\t\t\t\t\t\t<\/div>\n\t\t\t\t<\/div>\n\t\t\t\t\t<\/div>\n\t\t<\/div>\n\t\t\t\t\t\t\t<\/div>\n\t\t<\/section>\n\t\t\t\t<div class=\"elementor-element elementor-element-2dbc101 elementor-align-center elementor-mobile-align-center elementor-widget elementor-widget-button\" data-id=\"2dbc101\" data-element_type=\"widget\" data-widget_type=\"button.default\">\n\t\t\t\t<div class=\"elementor-widget-container\">\n\t\t\t\t\t<div class=\"elementor-button-wrapper\">\n\t\t\t<a href=\"https:\/\/wa.me\/5538991189625\" target=\"_blank\" class=\"elementor-button-link elementor-button elementor-size-sm\" role=\"button\">\n\t\t\t\t\t\t<span class=\"elementor-button-content-wrapper\">\n\t\t\t\t\t\t<span class=\"elementor-button-text\">Fale conosco<\/span>\n\t\t<\/span>\n\t\t\t\t\t<\/a>\n\t\t<\/div>\n\t\t\t\t<\/div>\n\t\t\t\t<\/div>\n\t\t\t\t\t<\/div>\n\t\t<\/div>\n\t\t\t\t\t\t\t<\/div>\n\t\t<\/section>\n\t\t\t\t\t\t<\/div>\n\t\t\t\t\t<\/div>\n\t\t","protected":false},"excerpt":{"rendered":"<p>EMANUEL FILIPE MARTINS ROCHA Bacharel em Direito pela UNIFIPMOC (2024)Estagi\u00e1rio do Tribunal de Justi\u00e7a de Minas Gerais (2021 &#8211; 2023)Estagi\u00e1rio da Defensoria P\u00fablica de Minas Gerais (2020 &#8211; 2021)Diploma n\u00edvel avan\u00e7ado de ingl\u00eas (2019) Fale conosco<\/p>\n","protected":false},"author":2,"featured_media":0,"parent":0,"menu_order":0,"comment_status":"closed","ping_status":"closed","template":"elementor_header_footer","meta":{"footnotes":""},"class_list":["post-249","page","type-page","status-publish","hentry"],"_links":{"self":[{"href":"https:\/\/machadobritogodinho.com.br\/index.php\/wp-json\/wp\/v2\/pages\/249","targetHints":{"allow":["GET"]}}],"collection":[{"href":"https:\/\/machadobritogodinho.com.br\/index.php\/wp-json\/wp\/v2\/pages"}],"about":[{"href":"https:\/\/machadobritogodinho.com.br\/index.php\/wp-json\/wp\/v2\/types\/page"}],"author":[{"embeddable":true,"href":"https:\/\/machadobritogodinho.com.br\/index.php\/wp-json\/wp\/v2\/users\/2"}],"replies":[{"embeddable":true,"href":"https:\/\/machadobritogodinho.com.br\/index.php\/wp-json\/wp\/v2\/comments?post=249"}],"version-history":[{"count":6,"href":"https:\/\/machadobritogodinho.com.br\/index.php\/wp-json\/wp\/v2\/pages\/249\/revisions"}],"predecessor-version":[{"id":313,"href":"https:\/\/machadobritogodinho.com.br\/index.php\/wp-json\/wp\/v2\/pages\/249\/revisions\/313"}],"wp:attachment":[{"href":"https:\/\/machadobritogodinho.com.br\/index.php\/wp-json\/wp\/v2\/media?parent=249"}],"curies":[{"name":"wp","href":"https:\/\/api.w.org\/{rel}","templated":true}]}}