{"id":237,"date":"2026-03-19T19:27:18","date_gmt":"2026-03-19T19:27:18","guid":{"rendered":"https:\/\/machadobritogodinho.com.br\/?page_id=237"},"modified":"2026-03-19T21:06:47","modified_gmt":"2026-03-19T21:06:47","slug":"anna-flavia-braz-machado-brito","status":"publish","type":"page","link":"https:\/\/machadobritogodinho.com.br\/index.php\/anna-flavia-braz-machado-brito\/","title":{"rendered":"ANNA FL\u00c1VIA BRAZ MACHADO BRITO"},"content":{"rendered":"\t\t<div data-elementor-type=\"wp-page\" data-elementor-id=\"237\" class=\"elementor elementor-237\" data-elementor-settings=\"[]\">\n\t\t\t\t\t\t\t<div class=\"elementor-section-wrap\">\n\t\t\t\t\t\t\t<section class=\"elementor-section elementor-top-section elementor-element elementor-element-8738095 elementor-section-boxed elementor-section-height-default elementor-section-height-default\" data-id=\"8738095\" data-element_type=\"section\">\n\t\t\t\t\t\t<div class=\"elementor-container elementor-column-gap-default\">\n\t\t\t\t\t<div class=\"elementor-column elementor-col-100 elementor-top-column elementor-element elementor-element-5a5e268\" data-id=\"5a5e268\" data-element_type=\"column\">\n\t\t\t<div class=\"elementor-widget-wrap elementor-element-populated\">\n\t\t\t\t\t\t\t\t<section class=\"elementor-section elementor-inner-section elementor-element elementor-element-722aabc elementor-reverse-mobile elementor-section-boxed elementor-section-height-default elementor-section-height-default\" data-id=\"722aabc\" data-element_type=\"section\">\n\t\t\t\t\t\t<div class=\"elementor-container elementor-column-gap-default\">\n\t\t\t\t\t<div class=\"elementor-column elementor-col-50 elementor-inner-column elementor-element elementor-element-19de5a0\" data-id=\"19de5a0\" data-element_type=\"column\">\n\t\t\t<div class=\"elementor-widget-wrap elementor-element-populated\">\n\t\t\t\t\t\t\t\t<div class=\"elementor-element elementor-element-46a6c3b elementor-widget elementor-widget-heading\" data-id=\"46a6c3b\" data-element_type=\"widget\" data-widget_type=\"heading.default\">\n\t\t\t\t<div class=\"elementor-widget-container\">\n\t\t\t<h2 class=\"elementor-heading-title elementor-size-default\">ANNA FL\u00c1VIA BRAZ MACHADO BRITO<\/h2>\t\t<\/div>\n\t\t\t\t<\/div>\n\t\t\t\t<div class=\"elementor-element elementor-element-9afe452 elementor-widget elementor-widget-text-editor\" data-id=\"9afe452\" data-element_type=\"widget\" data-widget_type=\"text-editor.default\">\n\t\t\t\t<div class=\"elementor-widget-container\">\n\t\t\t\t\t\t\t\t<p>Bacharela em Direito pela Faculdade de Direito Santo Agostinho (2007)<br \/>P\u00f3s gradua\u00e7\u00e3o em Direito Processual pela UNIMONTES (2008)<br \/>P\u00f3s gradua\u00e7\u00e3o em Direito Previdenci\u00e1rio pela PUC\/MG (2009)<\/p>\t\t\t\t\t\t<\/div>\n\t\t\t\t<\/div>\n\t\t\t\t\t<\/div>\n\t\t<\/div>\n\t\t\t\t<div class=\"elementor-column elementor-col-50 elementor-inner-column elementor-element elementor-element-577113c\" data-id=\"577113c\" data-element_type=\"column\">\n\t\t\t<div class=\"elementor-widget-wrap elementor-element-populated\">\n\t\t\t\t\t\t\t\t<div class=\"elementor-element elementor-element-580dc2c elementor-widget elementor-widget-image\" data-id=\"580dc2c\" data-element_type=\"widget\" data-widget_type=\"image.default\">\n\t\t\t\t<div class=\"elementor-widget-container\">\n\t\t\t\t\t\t\t\t\t\t\t\t\t\t\t<img loading=\"lazy\" decoding=\"async\" width=\"683\" height=\"1024\" src=\"https:\/\/machadobritogodinho.com.br\/wp-content\/uploads\/2025\/10\/IMG_7616-683x1024.jpg\" class=\"attachment-large size-large\" alt=\"\" srcset=\"https:\/\/machadobritogodinho.com.br\/wp-content\/uploads\/2025\/10\/IMG_7616-683x1024.jpg 683w, https:\/\/machadobritogodinho.com.br\/wp-content\/uploads\/2025\/10\/IMG_7616-200x300.jpg 200w, https:\/\/machadobritogodinho.com.br\/wp-content\/uploads\/2025\/10\/IMG_7616-768x1152.jpg 768w, https:\/\/machadobritogodinho.com.br\/wp-content\/uploads\/2025\/10\/IMG_7616-1024x1536.jpg 1024w, https:\/\/machadobritogodinho.com.br\/wp-content\/uploads\/2025\/10\/IMG_7616-1365x2048.jpg 1365w, https:\/\/machadobritogodinho.com.br\/wp-content\/uploads\/2025\/10\/IMG_7616-scaled.jpg 1707w\" sizes=\"auto, (max-width: 683px) 100vw, 683px\" \/>\t\t\t\t\t\t\t\t\t\t\t\t\t\t\t<\/div>\n\t\t\t\t<\/div>\n\t\t\t\t\t<\/div>\n\t\t<\/div>\n\t\t\t\t\t\t\t<\/div>\n\t\t<\/section>\n\t\t\t\t<div class=\"elementor-element elementor-element-7755147 elementor-align-center elementor-mobile-align-center elementor-widget elementor-widget-button\" data-id=\"7755147\" data-element_type=\"widget\" data-widget_type=\"button.default\">\n\t\t\t\t<div class=\"elementor-widget-container\">\n\t\t\t\t\t<div class=\"elementor-button-wrapper\">\n\t\t\t<a href=\"https:\/\/wa.me\/5538991189625\" target=\"_blank\" class=\"elementor-button-link elementor-button elementor-size-sm\" role=\"button\">\n\t\t\t\t\t\t<span class=\"elementor-button-content-wrapper\">\n\t\t\t\t\t\t<span class=\"elementor-button-text\">Fale conosco<\/span>\n\t\t<\/span>\n\t\t\t\t\t<\/a>\n\t\t<\/div>\n\t\t\t\t<\/div>\n\t\t\t\t<\/div>\n\t\t\t\t\t<\/div>\n\t\t<\/div>\n\t\t\t\t\t\t\t<\/div>\n\t\t<\/section>\n\t\t\t\t\t\t<\/div>\n\t\t\t\t\t<\/div>\n\t\t","protected":false},"excerpt":{"rendered":"<p>ANNA FL\u00c1VIA BRAZ MACHADO BRITO Bacharela em Direito pela Faculdade de Direito Santo Agostinho (2007)P\u00f3s gradua\u00e7\u00e3o em Direito Processual pela UNIMONTES (2008)P\u00f3s gradua\u00e7\u00e3o em Direito Previdenci\u00e1rio pela PUC\/MG (2009) Fale conosco<\/p>\n","protected":false},"author":2,"featured_media":0,"parent":0,"menu_order":0,"comment_status":"closed","ping_status":"closed","template":"elementor_header_footer","meta":{"footnotes":""},"class_list":["post-237","page","type-page","status-publish","hentry"],"_links":{"self":[{"href":"https:\/\/machadobritogodinho.com.br\/index.php\/wp-json\/wp\/v2\/pages\/237","targetHints":{"allow":["GET"]}}],"collection":[{"href":"https:\/\/machadobritogodinho.com.br\/index.php\/wp-json\/wp\/v2\/pages"}],"about":[{"href":"https:\/\/machadobritogodinho.com.br\/index.php\/wp-json\/wp\/v2\/types\/page"}],"author":[{"embeddable":true,"href":"https:\/\/machadobritogodinho.com.br\/index.php\/wp-json\/wp\/v2\/users\/2"}],"replies":[{"embeddable":true,"href":"https:\/\/machadobritogodinho.com.br\/index.php\/wp-json\/wp\/v2\/comments?post=237"}],"version-history":[{"count":6,"href":"https:\/\/machadobritogodinho.com.br\/index.php\/wp-json\/wp\/v2\/pages\/237\/revisions"}],"predecessor-version":[{"id":305,"href":"https:\/\/machadobritogodinho.com.br\/index.php\/wp-json\/wp\/v2\/pages\/237\/revisions\/305"}],"wp:attachment":[{"href":"https:\/\/machadobritogodinho.com.br\/index.php\/wp-json\/wp\/v2\/media?parent=237"}],"curies":[{"name":"wp","href":"https:\/\/api.w.org\/{rel}","templated":true}]}}