{"id":229,"date":"2026-03-19T19:19:48","date_gmt":"2026-03-19T19:19:48","guid":{"rendered":"https:\/\/machadobritogodinho.com.br\/?page_id=229"},"modified":"2026-03-19T21:03:51","modified_gmt":"2026-03-19T21:03:51","slug":"rayne-savan-brito","status":"publish","type":"page","link":"https:\/\/machadobritogodinho.com.br\/index.php\/rayne-savan-brito\/","title":{"rendered":"RAYNE SAVAN BRITO"},"content":{"rendered":"\t\t<div data-elementor-type=\"wp-page\" data-elementor-id=\"229\" class=\"elementor elementor-229\" data-elementor-settings=\"[]\">\n\t\t\t\t\t\t\t<div class=\"elementor-section-wrap\">\n\t\t\t\t\t\t\t<section class=\"elementor-section elementor-top-section elementor-element elementor-element-af26fd8 elementor-section-boxed elementor-section-height-default elementor-section-height-default\" data-id=\"af26fd8\" data-element_type=\"section\">\n\t\t\t\t\t\t<div class=\"elementor-container elementor-column-gap-default\">\n\t\t\t\t\t<div class=\"elementor-column elementor-col-100 elementor-top-column elementor-element elementor-element-2562da1\" data-id=\"2562da1\" data-element_type=\"column\">\n\t\t\t<div class=\"elementor-widget-wrap elementor-element-populated\">\n\t\t\t\t\t\t\t\t<section class=\"elementor-section elementor-inner-section elementor-element elementor-element-a2329e6 elementor-reverse-mobile elementor-section-boxed elementor-section-height-default elementor-section-height-default\" data-id=\"a2329e6\" data-element_type=\"section\">\n\t\t\t\t\t\t<div class=\"elementor-container elementor-column-gap-default\">\n\t\t\t\t\t<div class=\"elementor-column elementor-col-50 elementor-inner-column elementor-element elementor-element-c3d0b42\" data-id=\"c3d0b42\" data-element_type=\"column\">\n\t\t\t<div class=\"elementor-widget-wrap elementor-element-populated\">\n\t\t\t\t\t\t\t\t<div class=\"elementor-element elementor-element-7c0d833 elementor-widget elementor-widget-heading\" data-id=\"7c0d833\" data-element_type=\"widget\" data-widget_type=\"heading.default\">\n\t\t\t\t<div class=\"elementor-widget-container\">\n\t\t\t<h2 class=\"elementor-heading-title elementor-size-default\">RAYNE SAVAN BRITO<\/h2>\t\t<\/div>\n\t\t\t\t<\/div>\n\t\t\t\t<div class=\"elementor-element elementor-element-e050a3b elementor-widget elementor-widget-text-editor\" data-id=\"e050a3b\" data-element_type=\"widget\" data-widget_type=\"text-editor.default\">\n\t\t\t\t<div class=\"elementor-widget-container\">\n\t\t\t\t\t\t\t\t<p>Bacharel em Direito pela UNIMONTES (2006)<br \/>Pos gradua\u00e7\u00e3o em Direito Processual pela UNIMONTES (2008) Pos gradua\u00e7\u00e3o em Direito Econ\u00f4mico e Empresarial pela UNIMONTES (2011)<br \/>Pos gradua\u00e7\u00e3o em Direito Tribut\u00e1rio pela FGV (2022)<br \/>Especiliza\u00e7\u00e3o em Direito Societ\u00e1rio e Mercado de Capitais pela Societ\u00e1rio Academy (2023)<\/p><p>Atualmente \u00e9 s\u00f3cio do escrit\u00f3rio de advocacia Machado, Brito e Godinho.<\/p>\t\t\t\t\t\t<\/div>\n\t\t\t\t<\/div>\n\t\t\t\t\t<\/div>\n\t\t<\/div>\n\t\t\t\t<div class=\"elementor-column elementor-col-50 elementor-inner-column elementor-element elementor-element-4cae36a\" data-id=\"4cae36a\" data-element_type=\"column\">\n\t\t\t<div class=\"elementor-widget-wrap elementor-element-populated\">\n\t\t\t\t\t\t\t\t<div class=\"elementor-element elementor-element-1542ef9 elementor-widget elementor-widget-image\" data-id=\"1542ef9\" data-element_type=\"widget\" data-widget_type=\"image.default\">\n\t\t\t\t<div class=\"elementor-widget-container\">\n\t\t\t\t\t\t\t\t\t\t\t\t\t\t\t<img loading=\"lazy\" decoding=\"async\" width=\"683\" height=\"1024\" src=\"https:\/\/machadobritogodinho.com.br\/wp-content\/uploads\/2025\/10\/IMG_7814-683x1024.jpg\" class=\"attachment-large size-large\" alt=\"\" srcset=\"https:\/\/machadobritogodinho.com.br\/wp-content\/uploads\/2025\/10\/IMG_7814-683x1024.jpg 683w, https:\/\/machadobritogodinho.com.br\/wp-content\/uploads\/2025\/10\/IMG_7814-200x300.jpg 200w, https:\/\/machadobritogodinho.com.br\/wp-content\/uploads\/2025\/10\/IMG_7814-768x1152.jpg 768w, https:\/\/machadobritogodinho.com.br\/wp-content\/uploads\/2025\/10\/IMG_7814-1024x1536.jpg 1024w, https:\/\/machadobritogodinho.com.br\/wp-content\/uploads\/2025\/10\/IMG_7814-1365x2048.jpg 1365w, https:\/\/machadobritogodinho.com.br\/wp-content\/uploads\/2025\/10\/IMG_7814-scaled.jpg 1707w\" sizes=\"auto, (max-width: 683px) 100vw, 683px\" \/>\t\t\t\t\t\t\t\t\t\t\t\t\t\t\t<\/div>\n\t\t\t\t<\/div>\n\t\t\t\t\t<\/div>\n\t\t<\/div>\n\t\t\t\t\t\t\t<\/div>\n\t\t<\/section>\n\t\t\t\t<div class=\"elementor-element elementor-element-d3a8656 elementor-align-center elementor-mobile-align-center elementor-widget elementor-widget-button\" data-id=\"d3a8656\" data-element_type=\"widget\" data-widget_type=\"button.default\">\n\t\t\t\t<div class=\"elementor-widget-container\">\n\t\t\t\t\t<div class=\"elementor-button-wrapper\">\n\t\t\t<a href=\"https:\/\/wa.me\/5538991189625\" target=\"_blank\" class=\"elementor-button-link elementor-button elementor-size-sm\" role=\"button\">\n\t\t\t\t\t\t<span class=\"elementor-button-content-wrapper\">\n\t\t\t\t\t\t<span class=\"elementor-button-text\">Fale conosco<\/span>\n\t\t<\/span>\n\t\t\t\t\t<\/a>\n\t\t<\/div>\n\t\t\t\t<\/div>\n\t\t\t\t<\/div>\n\t\t\t\t\t<\/div>\n\t\t<\/div>\n\t\t\t\t\t\t\t<\/div>\n\t\t<\/section>\n\t\t\t\t\t\t<\/div>\n\t\t\t\t\t<\/div>\n\t\t","protected":false},"excerpt":{"rendered":"<p>RAYNE SAVAN BRITO Bacharel em Direito pela UNIMONTES (2006)Pos gradua\u00e7\u00e3o em Direito Processual pela UNIMONTES (2008) Pos gradua\u00e7\u00e3o em Direito Econ\u00f4mico e Empresarial pela UNIMONTES (2011)Pos gradua\u00e7\u00e3o em Direito Tribut\u00e1rio pela FGV (2022)Especiliza\u00e7\u00e3o em Direito Societ\u00e1rio e Mercado de Capitais pela Societ\u00e1rio Academy (2023) Atualmente \u00e9 s\u00f3cio do escrit\u00f3rio de advocacia Machado, Brito e Godinho. [&hellip;]<\/p>\n","protected":false},"author":2,"featured_media":0,"parent":0,"menu_order":0,"comment_status":"closed","ping_status":"closed","template":"elementor_header_footer","meta":{"footnotes":""},"class_list":["post-229","page","type-page","status-publish","hentry"],"_links":{"self":[{"href":"https:\/\/machadobritogodinho.com.br\/index.php\/wp-json\/wp\/v2\/pages\/229","targetHints":{"allow":["GET"]}}],"collection":[{"href":"https:\/\/machadobritogodinho.com.br\/index.php\/wp-json\/wp\/v2\/pages"}],"about":[{"href":"https:\/\/machadobritogodinho.com.br\/index.php\/wp-json\/wp\/v2\/types\/page"}],"author":[{"embeddable":true,"href":"https:\/\/machadobritogodinho.com.br\/index.php\/wp-json\/wp\/v2\/users\/2"}],"replies":[{"embeddable":true,"href":"https:\/\/machadobritogodinho.com.br\/index.php\/wp-json\/wp\/v2\/comments?post=229"}],"version-history":[{"count":13,"href":"https:\/\/machadobritogodinho.com.br\/index.php\/wp-json\/wp\/v2\/pages\/229\/revisions"}],"predecessor-version":[{"id":297,"href":"https:\/\/machadobritogodinho.com.br\/index.php\/wp-json\/wp\/v2\/pages\/229\/revisions\/297"}],"wp:attachment":[{"href":"https:\/\/machadobritogodinho.com.br\/index.php\/wp-json\/wp\/v2\/media?parent=229"}],"curies":[{"name":"wp","href":"https:\/\/api.w.org\/{rel}","templated":true}]}}